{"id":131,"date":"2021-09-22T22:43:28","date_gmt":"2021-09-23T01:43:28","guid":{"rendered":"https:\/\/staging2.casaditaliadasvertentes.com.br\/?page_id=32"},"modified":"2024-01-12T18:18:23","modified_gmt":"2024-01-12T21:18:23","slug":"exemplo-2","status":"publish","type":"page","link":"https:\/\/casaditaliadasvertentes.com.br\/it\/","title":{"rendered":"Home"},"content":{"rendered":"<div class=\"wp-block-columns is-layout-flex wp-container-core-columns-is-layout-9d6595d7 wp-block-columns-is-layout-flex\">\n<div class=\"wp-block-column is-layout-flow wp-block-column-is-layout-flow\" style=\"flex-basis:100%\">\n<p class=\"has-accent-1-color has-text-color has-large-font-size\">La microregione di CAMPO DAS VERTENTES, situata nel centro-sud dello stato del Minas Gerais, \u00e8 composta da comuni che facevano parte di una delle tre vaste contee in cui il territorio del Minas Gerais era diviso all'inizio del XVIII secolo. Caratterizzato da uno splendido paesaggio verde, caratterizzato dalla presenza di numerosi corsi d'acqua, \u00e8 stato teatro di una forte presenza immigratoria dall'Italia, soprattutto tra la fine dell'Ottocento e l'inizio del Novecento, che si percepisce ancora oggi grazie alla persistenza di centinaia di cognomi tipicamente italiani.<\/p>\n<\/div>\n<\/div>\n\n\n\n<figure class=\"wp-block-image alignfull size-full is-style-default\"><img decoding=\"async\" src=\"http:\/\/saojoaodelrei.casaditaliadasvertentes.com.br\/wp-content\/uploads\/2021\/09\/A41BE915-90E9-4E97-AD34-BF4C057DA90E.jpeg\" alt=\"\" class=\"wp-image-13\"\/><figcaption class=\"wp-element-caption\">Credito: K\u00e1tia Lombardi<\/figcaption><\/figure>\n\n\n\n<div class=\"wp-block-group has-accent-2-color has-text-color has-background\" style=\"background-color:#f1f7f6\"><div class=\"wp-block-group__inner-container is-layout-flow wp-block-group-is-layout-flow\">\n<h2 class=\"wp-block-heading has-text-align-center has-accent-2-color has-text-color has-background\" id=\"contato\" style=\"background-color:#f1f7f6\">Contatto<\/h2>\n\n\n<div class=\"wpforms-container wpforms-container-full wpforms-block wpforms-block-ae96516d-e5b9-497d-9f1d-17cc13953298\" id=\"wpforms-74\"><form id=\"wpforms-form-74\" class=\"wpforms-validate wpforms-form wpforms-ajax-form\" data-formid=\"74\" method=\"post\" enctype=\"multipart\/form-data\" action=\"\/it\/wp-json\/wp\/v2\/pages\/131\" data-token=\"bb5a846eebebf9959c5cc37f74d96e6e\" data-token-time=\"1777799457\" data-trp-original-action=\"\/it\/wp-json\/wp\/v2\/pages\/131\"><noscript class=\"wpforms-error-noscript\">Abilita JavaScript nel browser per completare questo modulo.<\/noscript><div class=\"wpforms-field-container\"><div id=\"wpforms-74-field_0-container\" class=\"wpforms-field wpforms-field-name\" data-field-id=\"0\"><label class=\"wpforms-field-label\">Nome <span class=\"wpforms-required-label\">*<\/span><\/label><div class=\"wpforms-field-row wpforms-field-medium\"><div class=\"wpforms-field-row-block wpforms-first wpforms-one-half\"><input type=\"text\" id=\"wpforms-74-field_0\" class=\"wpforms-field-name-first wpforms-field-required\" name=\"wpforms[fields][0][first]\" required><label for=\"wpforms-74-field_0\" class=\"wpforms-field-sublabel after\">Nome<\/label><\/div><div class=\"wpforms-field-row-block wpforms-one-half\"><input type=\"text\" id=\"wpforms-74-field_0-last\" class=\"wpforms-field-name-last wpforms-field-required\" name=\"wpforms[fields][0][last]\" required><label for=\"wpforms-74-field_0-last\" class=\"wpforms-field-sublabel after\">Cognome<\/label><\/div><\/div><\/div><div id=\"wpforms-74-field_1-container\" class=\"wpforms-field wpforms-field-email\" data-field-id=\"1\"><label class=\"wpforms-field-label\" for=\"wpforms-74-field_1\">Email <span class=\"wpforms-required-label\">*<\/span><\/label><input type=\"email\" id=\"wpforms-74-field_1\" class=\"wpforms-field-medium wpforms-field-required\" name=\"wpforms[fields][1]\" spellcheck=\"false\" required><\/div><div id=\"wpforms-74-field_2-container\" class=\"wpforms-field wpforms-field-textarea\" data-field-id=\"2\"><label class=\"wpforms-field-label\" for=\"wpforms-74-field_2\">Messaggio <span class=\"wpforms-required-label\">*<\/span><\/label><textarea id=\"wpforms-74-field_2\" class=\"wpforms-field-medium wpforms-field-required\" name=\"wpforms[fields][2]\" required><\/textarea><\/div><\/div><!-- .wpforms-field-container --><input type=\"text\" name=\"adIjU\" value=\"\" style=\"display: none !important;\" \/><div class=\"wpforms-submit-container\" ><input type=\"hidden\" name=\"wpforms[id]\" value=\"74\"><input type=\"hidden\" name=\"page_title\" value=\"\"><input type=\"hidden\" name=\"page_url\" value=\"https:\/\/casaditaliadasvertentes.com.br\/it\/wp-json\/wp\/v2\/pages\/131\"><input type=\"hidden\" name=\"url_referer\" value=\"\"><button type=\"submit\" name=\"wpforms[submit]\" id=\"wpforms-submit-74\" class=\"wpforms-submit\" data-alt-text=\"Enviando...\" data-submit-text=\"Enviar\" aria-live=\"assertive\" value=\"wpforms-submit\">Invia<\/button><img loading=\"lazy\" decoding=\"async\" src=\"https:\/\/casaditaliadasvertentes.com.br\/wp-content\/plugins\/wpforms-lite\/assets\/images\/submit-spin.svg\" class=\"wpforms-submit-spinner\" style=\"display: none;\" width=\"26\" height=\"26\" alt=\"Caricamento\"><\/div><input type=\"hidden\" name=\"trp-form-language\" value=\"it\"\/><\/form><\/div>  <!-- .wpforms-container --><\/div><\/div>\n\n\n<div class=\"is-default-size aligncenter wp-block-site-logo\"><a href=\"https:\/\/casaditaliadasvertentes.com.br\/it\/\" class=\"custom-logo-link\" rel=\"home\"><img decoding=\"async\"   src=\"https:\/\/casaditaliadasvertentes.com.br\/wp-content\/uploads\/2021\/09\/CB0ED964-FFBC-42C1-BC38-A018C7490613.png\" class=\"custom-logo\" alt=\"\" srcset=\"https:\/\/casaditaliadasvertentes.com.br\/wp-content\/uploads\/2021\/09\/CB0ED964-FFBC-42C1-BC38-A018C7490613.png 2224w, https:\/\/casaditaliadasvertentes.com.br\/wp-content\/uploads\/2021\/09\/CB0ED964-FFBC-42C1-BC38-A018C7490613-300x225.png 300w, https:\/\/casaditaliadasvertentes.com.br\/wp-content\/uploads\/2021\/09\/CB0ED964-FFBC-42C1-BC38-A018C7490613-1024x768.png 1024w, https:\/\/casaditaliadasvertentes.com.br\/wp-content\/uploads\/2021\/09\/CB0ED964-FFBC-42C1-BC38-A018C7490613-768x576.png 768w, https:\/\/casaditaliadasvertentes.com.br\/wp-content\/uploads\/2021\/09\/CB0ED964-FFBC-42C1-BC38-A018C7490613-1536x1152.png 1536w, https:\/\/casaditaliadasvertentes.com.br\/wp-content\/uploads\/2021\/09\/CB0ED964-FFBC-42C1-BC38-A018C7490613-2048x1536.png 2048w, https:\/\/casaditaliadasvertentes.com.br\/wp-content\/uploads\/2021\/09\/CB0ED964-FFBC-42C1-BC38-A018C7490613-16x12.png 16w, https:\/\/casaditaliadasvertentes.com.br\/wp-content\/uploads\/2021\/09\/CB0ED964-FFBC-42C1-BC38-A018C7490613-400x300.png 400w\" sizes=\"(max-width: 2224px) 100vw, 2224px\" \/><\/a><\/div>\n\n\n<h2 class=\"wp-block-heading has-text-align-center has-sitebg-color has-accent-1-background-color has-text-color has-background\" id=\"colabore\">Collabora<\/h2>\n\n\n\n<div class=\"wp-block-columns is-layout-flex wp-container-core-columns-is-layout-9d6595d7 wp-block-columns-is-layout-flex\">\n<div class=\"wp-block-column is-layout-flow wp-block-column-is-layout-flow\" style=\"flex-basis:100%\">\n<p class=\"has-sitetext-color has-text-color has-large-font-size\">Come tutte le case di nuova costruzione, questa \u00e8 ancora vuota, nuova di zecca, semplicemente non ha quell\u2019odore tipico perch\u00e9 siamo nel mondo virtuale e questo deve ancora essere perfezionato! <\/p>\n\n\n\n<p class=\"has-sitetext-color has-text-color has-large-font-size\">Ma \u00e8 gi\u00e0 a vostra disposizione e, in questa prima fase, conto sull\u2019aiuto di tutti voi per decorarla, riempire gli spazi delle stanze virtuali vuote con notizie, fotografie, documenti e storie; ricordi della vita reale delle migliaia di italiani che sono venuti qui. Di coloro che sono arrivati per restare o in transito, ma sempre con sguardi e pensieri pieni di speranza, nonostante la probabile sofferenza dovuta alla durezza di un viaggio cos\u00ec lungo, con mezzi meno comodi di quelli attuali.<\/p>\n\n\n\n<p class=\"has-sitetext-color has-text-color has-large-font-size\">Sono venuti senza essere sicuri di ci\u00f2 che avrebbero trovato, ma portando comunque una cultura e valori che  si sono \u201cinnestati\u201d indissolubilmente in questo \u201cnuovo mondo\u201d. Attraverso il racconto di queste storie vogliamo costruire un percorso per visitare questa Casa d\u2019Italia das Vertentes, divisa in tre \u201cpiani\u201d che portano i nomi delle principali citt\u00e0 della microregione.<\/p>\n\n\n\n<p class=\"has-sitetext-color has-text-color has-large-font-size\">Mas al\u00e9m do passado, tem tamb\u00e9m o presente e, por isso, solicitamos tamb\u00e9m not\u00edcias e informa\u00e7\u00f5es das pessoas e das atividades que trazem um rastro dessa italianidade nos dias de hoje. J\u00e1 existe muito material sendo organizado, mas com a divulga\u00e7\u00e3o deste chamado esperamos vivamente que muito mais ainda apare\u00e7a! Podem tirar d\u00favidas ou se manifestar clicando em&nbsp;Contato no topo da p\u00e1gina e enviando uma mensagem. <\/p>\n\n\n\n<p class=\"has-sitetext-color has-text-color has-large-font-size\">Un altro canale \u00e8 l\u2019indirizzo e-mail:<strong> <a>saojoaodelrei.onorario@esteri.it<\/a><\/strong><\/p>\n\n\n\n<p class=\"has-sitetext-color has-text-color has-large-font-size\">Grazie<\/p>\n\n\n\n<p class=\"has-sitetext-color has-text-color has-normal-font-size\"><strong>Guido Boletti<\/strong><\/p>\n\n\n\n<p class=\"has-sitetext-color has-text-color has-normal-font-size\">Agente consolare onorario -  S\u00e3o Jo\u00e3o del-Rei<\/p>\n<\/div>\n<\/div>","protected":false},"excerpt":{"rendered":"<p>A microrregi\u00e3o do CAMPO DAS VERTENTES, situada no centro-sul do estado de Minas Gerais, \u00e9 composta por munic\u00edpios que faziam parte de uma das tr\u00eas &hellip;<\/p>","protected":false},"author":1,"featured_media":0,"parent":0,"menu_order":0,"comment_status":"closed","ping_status":"closed","template":"","meta":{"footnotes":""},"class_list":["post-131","page","type-page","status-publish","hentry"],"_links":{"self":[{"href":"https:\/\/casaditaliadasvertentes.com.br\/it\/wp-json\/wp\/v2\/pages\/131","targetHints":{"allow":["GET"]}}],"collection":[{"href":"https:\/\/casaditaliadasvertentes.com.br\/it\/wp-json\/wp\/v2\/pages"}],"about":[{"href":"https:\/\/casaditaliadasvertentes.com.br\/it\/wp-json\/wp\/v2\/types\/page"}],"author":[{"embeddable":true,"href":"https:\/\/casaditaliadasvertentes.com.br\/it\/wp-json\/wp\/v2\/users\/1"}],"replies":[{"embeddable":true,"href":"https:\/\/casaditaliadasvertentes.com.br\/it\/wp-json\/wp\/v2\/comments?post=131"}],"version-history":[{"count":36,"href":"https:\/\/casaditaliadasvertentes.com.br\/it\/wp-json\/wp\/v2\/pages\/131\/revisions"}],"predecessor-version":[{"id":337,"href":"https:\/\/casaditaliadasvertentes.com.br\/it\/wp-json\/wp\/v2\/pages\/131\/revisions\/337"}],"wp:attachment":[{"href":"https:\/\/casaditaliadasvertentes.com.br\/it\/wp-json\/wp\/v2\/media?parent=131"}],"curies":[{"name":"wp","href":"https:\/\/api.w.org\/{rel}","templated":true}]}}